{"id":1611,"date":"2016-07-07T19:22:48","date_gmt":"2016-07-07T17:22:48","guid":{"rendered":"https:\/\/durch-die-haut.de\/?page_id=1611"},"modified":"2024-12-18T18:55:52","modified_gmt":"2024-12-18T17:55:52","slug":"redaktionsteam","status":"publish","type":"page","link":"https:\/\/durch-die-haut.de\/de\/redaktionsteam\/","title":{"rendered":"Das BLOG-Redaktionsteam"},"content":{"rendered":"<p><div class=\"fusion-fullwidth fullwidth-box fusion-builder-row-1 nonhundred-percent-fullwidth non-hundred-percent-height-scrolling\" style=\"--awb-border-radius-top-left:0px;--awb-border-radius-top-right:0px;--awb-border-radius-bottom-right:0px;--awb-border-radius-bottom-left:0px;--awb-flex-wrap:wrap;\" ><div class=\"fusion-builder-row fusion-row\"><div class=\"fusion-layout-column fusion_builder_column fusion-builder-column-0 fusion_builder_column_1_1 1_1 fusion-one-full fusion-column-first fusion-column-last\" style=\"--awb-padding-right:30px;--awb-padding-left:30px;--awb-bg-blend:overlay;--awb-bg-size:cover;\"><div class=\"fusion-column-wrapper fusion-flex-column-wrapper-legacy\"><div class=\"fusion-text fusion-text-1\"><h1>Das BLOG-Redaktionsteam<\/h1>\n<p>Unser Redaktionsteam ist weiblich, aber strukturiert ;-)<\/p>\n<\/div><div class=\"fusion-clearfix\"><\/div><\/div><\/div><\/div><\/div><div class=\"fusion-fullwidth fullwidth-box fusion-builder-row-2 nonhundred-percent-fullwidth non-hundred-percent-height-scrolling\" style=\"--awb-border-radius-top-left:0px;--awb-border-radius-top-right:0px;--awb-border-radius-bottom-right:0px;--awb-border-radius-bottom-left:0px;--awb-flex-wrap:wrap;\" ><div class=\"fusion-builder-row fusion-row\"><div class=\"fusion-layout-column fusion_builder_column fusion-builder-column-1 fusion_builder_column_1_4 1_4 fusion-one-fourth fusion-column-first\" style=\"--awb-padding-right:20px;--awb-padding-bottom:30px;--awb-padding-left:20px;--awb-bg-blend:overlay;--awb-bg-size:cover;width:25%;width:calc(25% - ( ( 10px + 10px + 10px ) * 0.25 ) );margin-right: 10px;\"><div class=\"fusion-column-wrapper fusion-flex-column-wrapper-legacy\"><div class=\"fusion-person person fusion-person-center fusion-person-1 fusion-person-icon-top\" style=\"--awb-pic-style-color:#000000;--awb-pic-borderradius:250px;--awb-margin-top:0px;--awb-margin-right:0px;--awb-margin-bottom:0px;--awb-margin-left:0px;--awb-social-box-border-top:0px;--awb-social-box-border-right:0px;--awb-social-box-border-bottom:0px;--awb-social-box-border-left:0px;--awb-social-box-border-color:var(--awb-color3);--awb-social-box-border-color-hover:var(--awb-color4);--awb-social-box-colors-hover:rgba(232,232,232,0.8);--awb-social-icon-boxed-colors:#e8e8e8;--awb-social-icon-colors:#bebdbd;--awb-social-icon-colors-hover:rgba(190,189,189,0.8);\"><div class=\"person-shortcode-image-wrapper\"><div class=\"person-image-container hover-type-none person-rounded-overflow\" style=\"-webkit-border-radius:250px;-moz-border-radius:250px;border-radius:250px;border:2px solid #5e9c24;-webkit-border-radius:250px;-moz-border-radius:250px;border-radius:250px;\"><img decoding=\"async\" class=\"lazyload person-img img-responsive wp-image-1653\" width=\"400\" height=\"400\" src=\"https:\/\/durch-die-haut.de\/wp-content\/uploads\/lts-transdermal-redaktion-iris.jpg\" data-orig-src=\"https:\/\/durch-die-haut.de\/wp-content\/uploads\/lts-transdermal-redaktion-iris-400x400.jpg\" alt=\"Dr. Iris Schnitzler\" srcset=\"data:image\/svg+xml,%3Csvg%20xmlns%3D%27http%3A%2F%2Fwww.w3.org%2F2000%2Fsvg%27%20width%3D%271231%27%20height%3D%271231%27%20viewBox%3D%270%200%201231%201231%27%3E%3Crect%20width%3D%271231%27%20height%3D%271231%27%20fill-opacity%3D%220%22%2F%3E%3C%2Fsvg%3E\" data-srcset=\"https:\/\/durch-die-haut.de\/wp-content\/uploads\/lts-transdermal-redaktion-iris-200x200.jpg 200w, https:\/\/durch-die-haut.de\/wp-content\/uploads\/lts-transdermal-redaktion-iris-400x400.jpg 400w, https:\/\/durch-die-haut.de\/wp-content\/uploads\/lts-transdermal-redaktion-iris-600x600.jpg 600w, https:\/\/durch-die-haut.de\/wp-content\/uploads\/lts-transdermal-redaktion-iris-800x800.jpg 800w, https:\/\/durch-die-haut.de\/wp-content\/uploads\/lts-transdermal-redaktion-iris-1200x1200.jpg 1200w, https:\/\/durch-die-haut.de\/wp-content\/uploads\/lts-transdermal-redaktion-iris.jpg 1231w\" data-sizes=\"auto\" data-orig-sizes=\"(max-width: 1100px) 100vw, 400px\" \/><\/div><\/div><div class=\"person-desc\"><div class=\"person-author\"><div class=\"person-author-wrapper\"><span class=\"person-name\">Dr. Iris Schnitzler<\/span><span class=\"person-title\"><\/span><\/div><\/div><div class=\"person-content fusion-clearfix\">\u00dcber allem thront unsere Chefin Iris, ihres Zeichens Doktor der Chemie. Ihre naturgegebene Dominanz lebt sie ungebremst aus. Hinter vorgehaltener Hand nennt man sie ehrfurchtsvoll \u201eFr\u00e4ulein Rottenmeier\u201c. Sie ist Fan des FC Bayern, damit m\u00fcssen wir leben.<\/div><\/div><\/div><div class=\"fusion-clearfix\"><\/div><\/div><\/div><div class=\"fusion-layout-column fusion_builder_column fusion-builder-column-2 fusion_builder_column_1_4 1_4 fusion-one-fourth\" style=\"--awb-padding-right:20px;--awb-padding-bottom:30px;--awb-padding-left:20px;--awb-bg-blend:overlay;--awb-bg-size:cover;width:25%;width:calc(25% - ( ( 10px + 10px + 10px ) * 0.25 ) );margin-right: 10px;\"><div class=\"fusion-column-wrapper fusion-flex-column-wrapper-legacy\"><div class=\"fusion-person person fusion-person-center fusion-person-2 fusion-person-icon-top\" style=\"--awb-pic-style-color:#000000;--awb-pic-borderradius:250px;--awb-margin-top:0px;--awb-margin-right:0px;--awb-margin-bottom:0px;--awb-margin-left:0px;--awb-social-box-border-top:0px;--awb-social-box-border-right:0px;--awb-social-box-border-bottom:0px;--awb-social-box-border-left:0px;--awb-social-box-border-color:var(--awb-color3);--awb-social-box-border-color-hover:var(--awb-color4);--awb-social-box-colors-hover:rgba(232,232,232,0.8);--awb-social-icon-boxed-colors:#e8e8e8;--awb-social-icon-colors:#bebdbd;--awb-social-icon-colors-hover:rgba(190,189,189,0.8);\"><div class=\"person-shortcode-image-wrapper\"><div class=\"person-image-container hover-type-none person-rounded-overflow\" style=\"-webkit-border-radius:250px;-moz-border-radius:250px;border-radius:250px;border:2px solid #5e9c24;-webkit-border-radius:250px;-moz-border-radius:250px;border-radius:250px;\"><img decoding=\"async\" class=\"lazyload person-img img-responsive wp-image-1670\" width=\"400\" height=\"400\" src=\"https:\/\/durch-die-haut.de\/wp-content\/uploads\/lts-transdermal-katja.jpg\" data-orig-src=\"https:\/\/durch-die-haut.de\/wp-content\/uploads\/lts-transdermal-katja-400x400.jpg\" alt=\"Katja Frerk\" srcset=\"data:image\/svg+xml,%3Csvg%20xmlns%3D%27http%3A%2F%2Fwww.w3.org%2F2000%2Fsvg%27%20width%3D%27860%27%20height%3D%27860%27%20viewBox%3D%270%200%20860%20860%27%3E%3Crect%20width%3D%27860%27%20height%3D%27860%27%20fill-opacity%3D%220%22%2F%3E%3C%2Fsvg%3E\" data-srcset=\"https:\/\/durch-die-haut.de\/wp-content\/uploads\/lts-transdermal-katja-200x200.jpg 200w, https:\/\/durch-die-haut.de\/wp-content\/uploads\/lts-transdermal-katja-400x400.jpg 400w, https:\/\/durch-die-haut.de\/wp-content\/uploads\/lts-transdermal-katja-600x600.jpg 600w, https:\/\/durch-die-haut.de\/wp-content\/uploads\/lts-transdermal-katja-800x800.jpg 800w, https:\/\/durch-die-haut.de\/wp-content\/uploads\/lts-transdermal-katja.jpg 860w\" data-sizes=\"auto\" data-orig-sizes=\"(max-width: 1100px) 100vw, 400px\" \/><\/div><\/div><div class=\"person-desc\"><div class=\"person-author\"><div class=\"person-author-wrapper\"><span class=\"person-name\">Katja Frerk<\/span><span class=\"person-title\"><\/span><\/div><\/div><div class=\"person-content fusion-clearfix\">Unser kreatives Zentrum ist Katja, gelernte Marketing-Fachkauffrau. Bei ihr liegen die Ideen auf dem Boden rum, sie braucht sie nur aufzuheben. F\u00fcr eine Westf\u00e4lin ist sie auffallend humorvoll und lebensfroh. Sie ist blond und ganz sch\u00f6n intelligent.<\/div><\/div><\/div><div class=\"fusion-clearfix\"><\/div><\/div><\/div><div class=\"fusion-layout-column fusion_builder_column fusion-builder-column-3 fusion_builder_column_1_4 1_4 fusion-one-fourth\" style=\"--awb-padding-right:20px;--awb-padding-bottom:30px;--awb-padding-left:20px;--awb-bg-blend:overlay;--awb-bg-size:cover;width:25%;width:calc(25% - ( ( 10px + 10px + 10px ) * 0.25 ) );margin-right: 10px;\"><div class=\"fusion-column-wrapper fusion-flex-column-wrapper-legacy\"><div class=\"fusion-person person fusion-person-center fusion-person-3 fusion-person-icon-top\" style=\"--awb-pic-style-color:#000000;--awb-pic-borderradius:250px;--awb-margin-top:0px;--awb-margin-right:0px;--awb-margin-bottom:0px;--awb-margin-left:0px;--awb-social-box-border-top:0px;--awb-social-box-border-right:0px;--awb-social-box-border-bottom:0px;--awb-social-box-border-left:0px;--awb-social-box-border-color:var(--awb-color3);--awb-social-box-border-color-hover:var(--awb-color4);--awb-social-box-colors-hover:rgba(232,232,232,0.8);--awb-social-icon-boxed-colors:#e8e8e8;--awb-social-icon-colors:#bebdbd;--awb-social-icon-colors-hover:rgba(190,189,189,0.8);\"><div class=\"person-shortcode-image-wrapper\"><div class=\"person-image-container hover-type-none person-rounded-overflow\" style=\"-webkit-border-radius:250px;-moz-border-radius:250px;border-radius:250px;border:2px solid #5e9c24;-webkit-border-radius:250px;-moz-border-radius:250px;border-radius:250px;\"><img decoding=\"async\" class=\"lazyload person-img img-responsive wp-image-1654\" width=\"400\" height=\"400\" src=\"https:\/\/durch-die-haut.de\/wp-content\/uploads\/lts-transdermal-redaktion-inken.jpg\" data-orig-src=\"https:\/\/durch-die-haut.de\/wp-content\/uploads\/lts-transdermal-redaktion-inken-400x400.jpg\" alt=\"Inken Riede\" srcset=\"data:image\/svg+xml,%3Csvg%20xmlns%3D%27http%3A%2F%2Fwww.w3.org%2F2000%2Fsvg%27%20width%3D%271221%27%20height%3D%271221%27%20viewBox%3D%270%200%201221%201221%27%3E%3Crect%20width%3D%271221%27%20height%3D%271221%27%20fill-opacity%3D%220%22%2F%3E%3C%2Fsvg%3E\" data-srcset=\"https:\/\/durch-die-haut.de\/wp-content\/uploads\/lts-transdermal-redaktion-inken-200x200.jpg 200w, https:\/\/durch-die-haut.de\/wp-content\/uploads\/lts-transdermal-redaktion-inken-400x400.jpg 400w, https:\/\/durch-die-haut.de\/wp-content\/uploads\/lts-transdermal-redaktion-inken-600x600.jpg 600w, https:\/\/durch-die-haut.de\/wp-content\/uploads\/lts-transdermal-redaktion-inken-800x800.jpg 800w, https:\/\/durch-die-haut.de\/wp-content\/uploads\/lts-transdermal-redaktion-inken-1200x1200.jpg 1200w, https:\/\/durch-die-haut.de\/wp-content\/uploads\/lts-transdermal-redaktion-inken.jpg 1221w\" data-sizes=\"auto\" data-orig-sizes=\"(max-width: 1100px) 100vw, 400px\" \/><\/div><\/div><div class=\"person-desc\"><div class=\"person-author\"><div class=\"person-author-wrapper\"><span class=\"person-name\">Inken Riede<\/span><span class=\"person-title\"><\/span><\/div><\/div><div class=\"person-content fusion-clearfix\">Inken ist &#8222;M\u00e4dchen vom Dienst&#8220; (MvD) und bekennender Ruhrpott-Fan. Endlich darf sie ihren Lieblingshobbies Grammatik und Interpunktion hemmungslos fr\u00f6nen! Im Blog kann sie sich thematisch austoben und niemand darf sie bremsen.<\/div><\/div><\/div><div class=\"fusion-clearfix\"><\/div><\/div><\/div><div class=\"fusion-layout-column fusion_builder_column fusion-builder-column-4 fusion_builder_column_1_4 1_4 fusion-one-fourth fusion-column-last\" style=\"--awb-padding-right:20px;--awb-padding-bottom:30px;--awb-padding-left:20px;--awb-bg-blend:overlay;--awb-bg-size:cover;width:25%;width:calc(25% - ( ( 10px + 10px + 10px ) * 0.25 ) );\"><div class=\"fusion-column-wrapper fusion-flex-column-wrapper-legacy\"><div class=\"fusion-person person fusion-person-center fusion-person-4 fusion-person-icon-top\" style=\"--awb-pic-style-color:#000000;--awb-pic-borderradius:250px;--awb-margin-top:0px;--awb-margin-right:0px;--awb-margin-bottom:0px;--awb-margin-left:0px;--awb-social-box-border-top:0px;--awb-social-box-border-right:0px;--awb-social-box-border-bottom:0px;--awb-social-box-border-left:0px;--awb-social-box-border-color:var(--awb-color3);--awb-social-box-border-color-hover:var(--awb-color4);--awb-social-box-colors-hover:rgba(232,232,232,0.8);--awb-social-icon-boxed-colors:#e8e8e8;--awb-social-icon-colors:#bebdbd;--awb-social-icon-colors-hover:rgba(190,189,189,0.8);\"><div class=\"person-shortcode-image-wrapper\"><div class=\"person-image-container hover-type-none person-rounded-overflow\" style=\"-webkit-border-radius:250px;-moz-border-radius:250px;border-radius:250px;border:2px solid #5e9c24;-webkit-border-radius:250px;-moz-border-radius:250px;border-radius:250px;\"><img decoding=\"async\" class=\"lazyload person-img img-responsive wp-image-5720\" width=\"400\" height=\"400\" src=\"https:\/\/durch-die-haut.de\/wp-content\/uploads\/ltslohmann-redaktionsteam-dr-tanja-kromm.jpg\" data-orig-src=\"https:\/\/durch-die-haut.de\/wp-content\/uploads\/ltslohmann-redaktionsteam-dr-tanja-kromm-400x400.jpg\" alt=\"Dr. Tanja Kromm\" srcset=\"data:image\/svg+xml,%3Csvg%20xmlns%3D%27http%3A%2F%2Fwww.w3.org%2F2000%2Fsvg%27%20width%3D%271000%27%20height%3D%271001%27%20viewBox%3D%270%200%201000%201001%27%3E%3Crect%20width%3D%271000%27%20height%3D%271001%27%20fill-opacity%3D%220%22%2F%3E%3C%2Fsvg%3E\" data-srcset=\"https:\/\/durch-die-haut.de\/wp-content\/uploads\/ltslohmann-redaktionsteam-dr-tanja-kromm-200x200.jpg 200w, https:\/\/durch-die-haut.de\/wp-content\/uploads\/ltslohmann-redaktionsteam-dr-tanja-kromm-400x400.jpg 400w, https:\/\/durch-die-haut.de\/wp-content\/uploads\/ltslohmann-redaktionsteam-dr-tanja-kromm-600x601.jpg 600w, https:\/\/durch-die-haut.de\/wp-content\/uploads\/ltslohmann-redaktionsteam-dr-tanja-kromm-800x801.jpg 800w, https:\/\/durch-die-haut.de\/wp-content\/uploads\/ltslohmann-redaktionsteam-dr-tanja-kromm.jpg 1000w\" data-sizes=\"auto\" data-orig-sizes=\"(max-width: 1100px) 100vw, 400px\" \/><\/div><\/div><div class=\"person-desc\"><div class=\"person-author\"><div class=\"person-author-wrapper\"><span class=\"person-name\">Dr. Tanja Kromm<\/span><span class=\"person-title\"><\/span><\/div><\/div><div class=\"person-content fusion-clearfix\">So jung und schon so schlau\u2026. Unsere neue Kollegin im Redaktionsteam Dr. Tanja Kromm ist Doktor der Pharmazie und hat das gro\u00dfe Talent, komplizierte naturwissenschaftliche Sachverhalte verst\u00e4ndlich darzustellen.<br \/>\nDas will sie zuk\u00fcnftig auch im LTS Blog tun, wir freuen uns drauf! <\/div><\/div><\/div><div class=\"fusion-clearfix\"><\/div><\/div><\/div><\/div><\/div><div class=\"fusion-fullwidth fullwidth-box fusion-builder-row-3 nonhundred-percent-fullwidth non-hundred-percent-height-scrolling\" style=\"--awb-border-radius-top-left:0px;--awb-border-radius-top-right:0px;--awb-border-radius-bottom-right:0px;--awb-border-radius-bottom-left:0px;--awb-flex-wrap:wrap;\" ><div class=\"fusion-builder-row fusion-row\"><div class=\"fusion-layout-column fusion_builder_column fusion-builder-column-5 fusion_builder_column_1_1 1_1 fusion-one-full fusion-column-first fusion-column-last\" style=\"--awb-padding-right:30px;--awb-padding-left:30px;--awb-bg-blend:overlay;--awb-bg-size:cover;\"><div class=\"fusion-column-wrapper fusion-flex-column-wrapper-legacy\"><div class=\"fusion-sep-clear\"><\/div><div class=\"fusion-separator fusion-full-width-sep\" style=\"margin-left: auto;margin-right: auto;margin-top:20px;margin-bottom:30px;width:100%;\"><\/div><div class=\"fusion-sep-clear\"><\/div><div class=\"fusion-text fusion-text-2\"><h3>Unterschiedlicher geht\u2019s also kaum &#8211; aber spannender auch nicht.<\/h3>\n<p>In den Brainstormings unseres Teams geht es oft hoch her. Temperamentvollen Diskussionen folgen hitzige Wortgefechte. Und am Ende siegt immer Iris.<\/p>\n<\/div><div class=\"fusion-clearfix\"><\/div><\/div><\/div><div class=\"fusion-layout-column fusion_builder_column fusion-builder-column-6 fusion_builder_column_1_6 1_6 fusion-one-sixth fusion-column-first\" style=\"--awb-padding-right:30px;--awb-padding-left:30px;--awb-bg-blend:overlay;--awb-bg-size:cover;width:16.666666666667%;width:calc(16.666666666667% - ( ( 0% + 0% + 0% ) * 0.16666666666667 ) );margin-right: 0%;\"><div class=\"fusion-column-wrapper fusion-flex-column-wrapper-legacy\"><div class=\"fusion-clearfix\"><\/div><\/div><\/div><div class=\"fusion-layout-column fusion_builder_column fusion-builder-column-7 fusion_builder_column_1_3 1_3 fusion-one-third\" style=\"--awb-padding-right:30px;--awb-padding-left:30px;--awb-bg-blend:overlay;--awb-bg-size:cover;width:33.333333333333%;width:calc(33.333333333333% - ( ( 0% + 0% + 0% ) * 0.33333333333333 ) );margin-right: 0%;\"><div class=\"fusion-column-wrapper fusion-flex-column-wrapper-legacy\"><div class=\"fusion-image-element fusion-image-align-center in-legacy-container\" style=\"text-align:center;--awb-bottom-shadow-color:rgba(0,0,0,0.4);--awb-caption-title-font-family:var(--h2_typography-font-family);--awb-caption-title-font-weight:var(--h2_typography-font-weight);--awb-caption-title-font-style:var(--h2_typography-font-style);--awb-caption-title-size:var(--h2_typography-font-size);--awb-caption-title-transform:var(--h2_typography-text-transform);--awb-caption-title-line-height:var(--h2_typography-line-height);--awb-caption-title-letter-spacing:var(--h2_typography-letter-spacing);\"><div class=\"imageframe-align-center\"><div class=\"awb-image-frame awb-image-frame-1 awb-bottomshadow\"><span class=\" fusion-imageframe imageframe-bottomshadow imageframe-1 hover-type-zoomin\" style=\"border:1px solid #f6f6f6;\"><img decoding=\"async\" width=\"1000\" height=\"667\" alt=\"Drei Kolleginnen sitzen arbeitend am Schreibtisch\" title=\"Redaktionsteam in Action\" src=\"https:\/\/durch-die-haut.de\/wp-content\/uploads\/LTS-team-von-oben-1.jpg\" data-orig-src=\"https:\/\/durch-die-haut.de\/wp-content\/uploads\/LTS-team-von-oben-1.jpg\" class=\"lazyload img-responsive wp-image-1621\" srcset=\"data:image\/svg+xml,%3Csvg%20xmlns%3D%27http%3A%2F%2Fwww.w3.org%2F2000%2Fsvg%27%20width%3D%271000%27%20height%3D%27667%27%20viewBox%3D%270%200%201000%20667%27%3E%3Crect%20width%3D%271000%27%20height%3D%27667%27%20fill-opacity%3D%220%22%2F%3E%3C%2Fsvg%3E\" data-srcset=\"https:\/\/durch-die-haut.de\/wp-content\/uploads\/LTS-team-von-oben-1-200x133.jpg 200w, https:\/\/durch-die-haut.de\/wp-content\/uploads\/LTS-team-von-oben-1.jpg 1000w\" data-sizes=\"auto\" data-orig-sizes=\"(max-width: 1100px) 100vw, 1000px\" \/><\/span><svg xmlns=\"http:\/\/www.w3.org\/2000\/svg\" version=\"1.1\" width=\"100%\" viewBox=\"0 0 600 28\" preserveAspectRatio=\"none\"><g clip-path=\"url(#a)\"><mask id=\"b\" style=\"mask-type:luminance\" maskUnits=\"userSpaceOnUse\" x=\"0\" y=\"0\" width=\"600\" height=\"28\"><path d=\"M0 0h600v28H0V0Z\" fill=\"#fff\"\/><\/mask><g filter=\"url(#c)\" mask=\"url(#b)\"><path d=\"M16.439-18.667h567.123v30.8S438.961-8.4 300-8.4C161.04-8.4 16.438 12.133 16.438 12.133v-30.8Z\" fill=\"#000\"\/><\/g><\/g><defs><clipPath id=\"a\"><path fill=\"#fff\" d=\"M0 0h600v28H0z\"\/><\/clipPath><filter id=\"c\" x=\"5.438\" y=\"-29.667\" width=\"589.123\" height=\"52.8\" filterUnits=\"userSpaceOnUse\" color-interpolation-filters=\"sRGB\"><feFlood flood-opacity=\"0\" result=\"BackgroundImageFix\"\/><feBlend in=\"SourceGraphic\" in2=\"BackgroundImageFix\" result=\"shape\"\/><feGaussianBlur stdDeviation=\"5.5\" result=\"effect1_foregroundBlur_3983_183\"\/><\/filter><\/defs><\/svg><\/div><\/div><\/div><div class=\"fusion-clearfix\"><\/div><\/div><\/div><div class=\"fusion-layout-column fusion_builder_column fusion-builder-column-8 fusion_builder_column_1_3 1_3 fusion-one-third\" style=\"--awb-padding-right:30px;--awb-padding-left:30px;--awb-bg-blend:overlay;--awb-bg-size:cover;width:33.333333333333%;width:calc(33.333333333333% - ( ( 0% + 0% + 0% ) * 0.33333333333333 ) );margin-right: 0%;\"><div class=\"fusion-column-wrapper fusion-flex-column-wrapper-legacy\"><div class=\"fusion-image-element fusion-image-align-center in-legacy-container\" style=\"text-align:center;--awb-bottom-shadow-color:rgba(0,0,0,0.4);--awb-caption-title-font-family:var(--h2_typography-font-family);--awb-caption-title-font-weight:var(--h2_typography-font-weight);--awb-caption-title-font-style:var(--h2_typography-font-style);--awb-caption-title-size:var(--h2_typography-font-size);--awb-caption-title-transform:var(--h2_typography-text-transform);--awb-caption-title-line-height:var(--h2_typography-line-height);--awb-caption-title-letter-spacing:var(--h2_typography-letter-spacing);\"><div class=\"imageframe-align-center\"><div class=\"awb-image-frame awb-image-frame-2 awb-bottomshadow\"><span class=\" fusion-imageframe imageframe-bottomshadow imageframe-2 hover-type-zoomin\" style=\"border:1px solid #f6f6f6;\"><img decoding=\"async\" width=\"1000\" height=\"667\" alt=\"Eine Kollegin sitzt lachend am Schreibtisch\" title=\"ein Mitglied unseres Redaktionsteams\" src=\"https:\/\/durch-die-haut.de\/wp-content\/uploads\/LTS-inken-riede-1.jpg\" data-orig-src=\"https:\/\/durch-die-haut.de\/wp-content\/uploads\/LTS-inken-riede-1.jpg\" class=\"lazyload img-responsive wp-image-1623\" srcset=\"data:image\/svg+xml,%3Csvg%20xmlns%3D%27http%3A%2F%2Fwww.w3.org%2F2000%2Fsvg%27%20width%3D%271000%27%20height%3D%27667%27%20viewBox%3D%270%200%201000%20667%27%3E%3Crect%20width%3D%271000%27%20height%3D%27667%27%20fill-opacity%3D%220%22%2F%3E%3C%2Fsvg%3E\" data-srcset=\"https:\/\/durch-die-haut.de\/wp-content\/uploads\/LTS-inken-riede-1-200x133.jpg 200w, https:\/\/durch-die-haut.de\/wp-content\/uploads\/LTS-inken-riede-1.jpg 1000w\" data-sizes=\"auto\" data-orig-sizes=\"(max-width: 1100px) 100vw, 1000px\" \/><\/span><svg xmlns=\"http:\/\/www.w3.org\/2000\/svg\" version=\"1.1\" width=\"100%\" viewBox=\"0 0 600 28\" preserveAspectRatio=\"none\"><g clip-path=\"url(#a)\"><mask id=\"b\" style=\"mask-type:luminance\" maskUnits=\"userSpaceOnUse\" x=\"0\" y=\"0\" width=\"600\" height=\"28\"><path d=\"M0 0h600v28H0V0Z\" fill=\"#fff\"\/><\/mask><g filter=\"url(#c)\" mask=\"url(#b)\"><path d=\"M16.439-18.667h567.123v30.8S438.961-8.4 300-8.4C161.04-8.4 16.438 12.133 16.438 12.133v-30.8Z\" fill=\"#000\"\/><\/g><\/g><defs><clipPath id=\"a\"><path fill=\"#fff\" d=\"M0 0h600v28H0z\"\/><\/clipPath><filter id=\"c\" x=\"5.438\" y=\"-29.667\" width=\"589.123\" height=\"52.8\" filterUnits=\"userSpaceOnUse\" color-interpolation-filters=\"sRGB\"><feFlood flood-opacity=\"0\" result=\"BackgroundImageFix\"\/><feBlend in=\"SourceGraphic\" in2=\"BackgroundImageFix\" result=\"shape\"\/><feGaussianBlur stdDeviation=\"5.5\" result=\"effect1_foregroundBlur_3983_183\"\/><\/filter><\/defs><\/svg><\/div><\/div><\/div><div class=\"fusion-clearfix\"><\/div><\/div><\/div><div class=\"fusion-layout-column fusion_builder_column fusion-builder-column-9 fusion_builder_column_1_6 1_6 fusion-one-sixth fusion-column-last\" style=\"--awb-padding-right:30px;--awb-padding-left:30px;--awb-bg-blend:overlay;--awb-bg-size:cover;width:16.666666666667%;width:calc(16.666666666667% - ( ( 0% + 0% + 0% ) * 0.16666666666667 ) );\"><div class=\"fusion-column-wrapper fusion-flex-column-wrapper-legacy\"><div class=\"fusion-clearfix\"><\/div><\/div><\/div><div class=\"fusion-layout-column fusion_builder_column fusion-builder-column-10 fusion_builder_column_1_1 1_1 fusion-one-full fusion-column-first fusion-column-last\" style=\"--awb-padding-right:30px;--awb-padding-left:30px;--awb-bg-blend:overlay;--awb-bg-size:cover;\"><div class=\"fusion-column-wrapper fusion-flex-column-wrapper-legacy\"><div class=\"fusion-sep-clear\"><\/div><div class=\"fusion-separator fusion-full-width-sep\" style=\"margin-left: auto;margin-right: auto;margin-top:10px;margin-bottom:10px;width:100%;\"><\/div><div class=\"fusion-sep-clear\"><\/div><div class=\"fusion-text fusion-text-3\"><p><strong>\u00dcbrigens:<\/strong><br \/>\nZuk\u00fcnftig erscheinen im durch-die-haut-Blog\u00a0auch Beitr\u00e4ge aus dem <a href=\"https:\/\/durch-die-haut.de\/de\/category\/hintergrundwissen\/\">Bereich Forschung &amp; Entwicklung<\/a>, denn diese (rationale) Sichtweise ist bislang noch zu kurz gekommen.<\/p>\n<\/div><div class=\"fusion-clearfix\"><\/div><\/div><\/div><\/div><\/div><div class=\"fusion-fullwidth fullwidth-box fusion-builder-row-4 nonhundred-percent-fullwidth non-hundred-percent-height-scrolling\" style=\"--awb-border-radius-top-left:0px;--awb-border-radius-top-right:0px;--awb-border-radius-bottom-right:0px;--awb-border-radius-bottom-left:0px;--awb-flex-wrap:wrap;\" ><div class=\"fusion-builder-row fusion-row\"><div class=\"fusion-layout-column fusion_builder_column fusion-builder-column-11 fusion_builder_column_1_1 1_1 fusion-one-full fusion-column-first fusion-column-last\" style=\"--awb-bg-blend:overlay;--awb-bg-size:cover;\"><div class=\"fusion-column-wrapper fusion-flex-column-wrapper-legacy\"><div class=\"fusion-sep-clear\"><\/div><div class=\"fusion-separator fusion-full-width-sep\" style=\"margin-left: auto;margin-right: auto;margin-top:20px;margin-bottom:20px;width:100%;\"><\/div><div class=\"fusion-sep-clear\"><\/div><div class=\"fusion-clearfix\"><\/div><\/div><\/div><\/div><\/div><div class=\"fusion-fullwidth fullwidth-box fusion-builder-row-5 nonhundred-percent-fullwidth non-hundred-percent-height-scrolling\" style=\"--awb-border-radius-top-left:0px;--awb-border-radius-top-right:0px;--awb-border-radius-bottom-right:0px;--awb-border-radius-bottom-left:0px;--awb-flex-wrap:wrap;\" ><div class=\"fusion-builder-row fusion-row\"><div class=\"fusion-layout-column fusion_builder_column fusion-builder-column-12 fusion_builder_column_1_1 1_1 fusion-one-full fusion-column-first fusion-column-last\" style=\"--awb-bg-blend:overlay;--awb-bg-size:cover;\"><div class=\"fusion-column-wrapper fusion-flex-column-wrapper-legacy\"><div class=\"fusion-section-separator section-separator slant fusion-section-separator-1\" style=\"--awb-spacer-height:99px;--awb-svg-margin-left:0;--awb-svg-margin-right:0;--awb-divider-height:99px;--awb-spacer-padding-top:inherit;--awb-sep-padding:0;--awb-svg-padding:0;--awb-svg-tag-margin-bottom:-3px;--awb-sep-svg-display:block;\"><div class=\"fusion-section-separator-svg\"><svg class=\"fusion-slant-candy\" xmlns=\"http:\/\/www.w3.org\/2000\/svg\" version=\"1.1\" width=\"100%\" height=\"100\" viewBox=\"0 0 100 100\" preserveAspectRatio=\"none\" fill=\"rgba(185,186,186,1)\"><path d=\"M0 0 L0 100 L100 100 Z\"><\/path><\/svg><\/div><div class=\"fusion-section-separator-spacer\"><div class=\"fusion-section-separator-spacer-height\"><\/div><\/div><\/div><div class=\"fusion-clearfix\"><\/div><\/div><\/div><\/div><\/div><\/p>\n","protected":false},"excerpt":{"rendered":"","protected":false},"author":2,"featured_media":1625,"parent":0,"menu_order":0,"comment_status":"closed","ping_status":"closed","template":"100-width.php","meta":{"footnotes":""},"class_list":["post-1611","page","type-page","status-publish","has-post-thumbnail","hentry"],"_links":{"self":[{"href":"https:\/\/durch-die-haut.de\/de\/wp-json\/wp\/v2\/pages\/1611","targetHints":{"allow":["GET"]}}],"collection":[{"href":"https:\/\/durch-die-haut.de\/de\/wp-json\/wp\/v2\/pages"}],"about":[{"href":"https:\/\/durch-die-haut.de\/de\/wp-json\/wp\/v2\/types\/page"}],"author":[{"embeddable":true,"href":"https:\/\/durch-die-haut.de\/de\/wp-json\/wp\/v2\/users\/2"}],"replies":[{"embeddable":true,"href":"https:\/\/durch-die-haut.de\/de\/wp-json\/wp\/v2\/comments?post=1611"}],"version-history":[{"count":13,"href":"https:\/\/durch-die-haut.de\/de\/wp-json\/wp\/v2\/pages\/1611\/revisions"}],"predecessor-version":[{"id":6795,"href":"https:\/\/durch-die-haut.de\/de\/wp-json\/wp\/v2\/pages\/1611\/revisions\/6795"}],"wp:featuredmedia":[{"embeddable":true,"href":"https:\/\/durch-die-haut.de\/de\/wp-json\/wp\/v2\/media\/1625"}],"wp:attachment":[{"href":"https:\/\/durch-die-haut.de\/de\/wp-json\/wp\/v2\/media?parent=1611"}],"curies":[{"name":"wp","href":"https:\/\/api.w.org\/{rel}","templated":true}]}}